{"id":169,"date":"2021-09-11T15:37:37","date_gmt":"2021-09-11T15:37:37","guid":{"rendered":"https:\/\/sandrapekic.com\/?page_id=169"},"modified":"2021-09-26T10:23:16","modified_gmt":"2021-09-26T10:23:16","slug":"kivan","status":"publish","type":"page","link":"https:\/\/sandrapekic.com\/?page_id=169","title":{"rendered":"Kivan"},"content":{"rendered":"\n<p><strong>Odlomak iz knjige<\/strong>:<\/p>\n\n\n\n<p>Prijao mi je rezak vazduh napolju. Zavio sam cigaretu i ostao ispred kafane. George je obi\u0161ao kamion ne bi li proverio da li ima ne\u017eeljenih putnika ili kakve \u0161tete.<\/p>\n\n\n\n<p>\u201ePrespava\u0107emo ovde\u201c, rekao sam kada mi je pri\u0161ao. \u201eKasno je, a de\u010dak je umoran. Verujem da smo uzeli sve svoje stvari iz kamiona. Hvala na vo\u017enji i ve\u010deri.\u201c<\/p>\n\n\n\n<p>Zaustio je da mi ne\u0161to ka\u017ee, ali se predomislio. Odmahnuo je i sa osmehom se udaljio ka kamionu. Na vratima restorana pojavili su se gospo\u0111a Zomer i Zeka. Lica su im se ozarila \u2013 shvatili su da \u0107emo ve\u010deras spavati u \u010distoj posteljini.<\/p>\n\n\n\n<p>Pre nego \u0161to sam oti\u0161ao u svoju sobu, zapretio sam gospo\u0111i Zomer da ovoga puta ne\u0107u platiti njihovu ukoliko napusti mo\u00adtel bez mene. Dogovorili smo se da se na\u0111emo u osam sati na doru\u010dku.<\/p>\n\n\n\n<p>U\u0161av\u0161i u sobu, spustio sam ran\u010deve na krevet i izuo se. Izvadio sam onu no\u0161enu majicu i pomirisao je. Mogao bih da je obu\u010dem sutra, ionako je bila u boljem stanju od ove koju sam imao na sebi.<\/p>\n\n\n\n<p>Pisa\u0107u Kristini o gospo\u0111i Zomer sutra ujutro. Sada mi je bilo potrebno da razbistrim misli. I da stupim u vezu sa ku\u00admom. Po\u0161to nisam mogao da ga dobijem telefonom, napisao sam mu imejl. Pro\u0161li put je upalilo.<\/p>\n\n\n\n<p><em>Kne\u017eevi\u0107u!<\/em><\/p>\n\n\n\n<p><em>\u0160ta se ovo, majku mu, de\u0161ava?<\/em><\/p>\n\n\n\n<p><em>Javi mi se, da ne moram da dolazim po tebe.<\/em><\/p>\n\n\n\n<p>Jadno&#8230; i potencijalno opasno. Palo mi je na pamet da ga verovatno prate, \u010ditaju mu imejlove. A mo\u017eda preterujem. Obrisao sam, pa oti\u0161ao da se istu\u0161iram.<\/p>\n\n\n\n<p>Pravo iz tu\u0161-kabine, mokar i nag, vratio sam se u sobu i dohvatio telefon. Otkucao sam samo jednu re\u010denicu i poslao je: <em>Kne\u017eevi\u0107u, javi mi se.<\/em><\/p>\n\n\n\n<p>Zadovoljno sam se opru\u017eio na krevetu kada mi je ruka pala na kumov ranac. Uspravio sam se i otvorio ga. Izvadio sam martinke. Bile su uvijene u neku belu zgu\u017evanu majicu, pa sam sve spustio na pod. Pogledao sam ima li jo\u0161 ne\u010dega i na dnu na\u0161ao stari zipo upalja\u010d. Nije radio. \u0160teta.<\/p>\n\n\n\n<p>Tresao sam \u0161areni ranac dok se nisam uverio da ni\u0161ta nije ostalo, pa njime ga\u0111ao kantu za otpatke. Zavr\u0161io je izme\u0111u kreveta i zida, gotovo pola metra od cilja. Podigao sam za\u00adtim onu kumovu majicu sa poda \u017eele\u0107i da bar nju ubacim u zami\u0161ljeni ko\u0161, kada su mi, iako sa nali\u010dja, crveno-crni obrisi privukli pa\u017enju.<\/p>\n\n\n\n<p>Sa prednje strane, delimi\u010dno po\u017eutele od stajanja, urlao je albino Afrikanac. Preko njegovog \u010dela crvenela se re\u010d \u201eBUNT\u201c. Ta slova sam ja napisao. Boju sam ukrao od jedne devojke koja je tada bila zaljubljena u mene. I\u0161la je u dizajnersku \u0161kolu i bila bogata&#8230; Zato je valjda nisam voleo. To me ipak nije spre\u010davalo da je iskori\u0161\u0107avam. Zaboravio sam joj ime.<\/p>\n\n\n\n<p>Majicu sam dobio od moje Vilme mo\u017eda samo godinu pre nego \u0161to sam oti\u0161ao da \u017eivim sa njom. Sada bih mogao da se zakunem da ju je kupila na nekoj rasprodaji. Govorila je da joj je \u010dudno \u0161to se radujem besnim ljudima, pa se verovatno time vodila kada ju je birala. I bila je u pravu \u2013 njegov ljutit lik \u010dinio mi se savr\u0161enim. Dopisao sam tu re\u010d koja je, verovao sam, su\u0161tina mog bi\u0107a&#8230;<\/p>\n\n\n\n<ul class=\"is-layout-flex wp-block-social-links\"><li class=\"wp-social-link wp-social-link-instagram wp-block-social-link\"><a href=\"https:\/\/www.instagram.com\/pekicsandra\/\" rel=\"noopener nofollow\" target=\"_blank\" class=\"wp-block-social-link-anchor\"><svg width=\"24\" height=\"24\" viewBox=\"0 0 24 24\" version=\"1.1\" xmlns=\"http:\/\/www.w3.org\/2000\/svg\" aria-hidden=\"true\" focusable=\"false\"><path d=\"M12,4.622c2.403,0,2.688,0.009,3.637,0.052c0.877,0.04,1.354,0.187,1.671,0.31c0.42,0.163,0.72,0.358,1.035,0.673 c0.315,0.315,0.51,0.615,0.673,1.035c0.123,0.317,0.27,0.794,0.31,1.671c0.043,0.949,0.052,1.234,0.052,3.637 s-0.009,2.688-0.052,3.637c-0.04,0.877-0.187,1.354-0.31,1.671c-0.163,0.42-0.358,0.72-0.673,1.035 c-0.315,0.315-0.615,0.51-1.035,0.673c-0.317,0.123-0.794,0.27-1.671,0.31c-0.949,0.043-1.233,0.052-3.637,0.052 s-2.688-0.009-3.637-0.052c-0.877-0.04-1.354-0.187-1.671-0.31c-0.42-0.163-0.72-0.358-1.035-0.673 c-0.315-0.315-0.51-0.615-0.673-1.035c-0.123-0.317-0.27-0.794-0.31-1.671C4.631,14.688,4.622,14.403,4.622,12 s0.009-2.688,0.052-3.637c0.04-0.877,0.187-1.354,0.31-1.671c0.163-0.42,0.358-0.72,0.673-1.035 c0.315-0.315,0.615-0.51,1.035-0.673c0.317-0.123,0.794-0.27,1.671-0.31C9.312,4.631,9.597,4.622,12,4.622 M12,3 C9.556,3,9.249,3.01,8.289,3.054C7.331,3.098,6.677,3.25,6.105,3.472C5.513,3.702,5.011,4.01,4.511,4.511 c-0.5,0.5-0.808,1.002-1.038,1.594C3.25,6.677,3.098,7.331,3.054,8.289C3.01,9.249,3,9.556,3,12c0,2.444,0.01,2.751,0.054,3.711 c0.044,0.958,0.196,1.612,0.418,2.185c0.23,0.592,0.538,1.094,1.038,1.594c0.5,0.5,1.002,0.808,1.594,1.038 c0.572,0.222,1.227,0.375,2.185,0.418C9.249,20.99,9.556,21,12,21s2.751-0.01,3.711-0.054c0.958-0.044,1.612-0.196,2.185-0.418 c0.592-0.23,1.094-0.538,1.594-1.038c0.5-0.5,0.808-1.002,1.038-1.594c0.222-0.572,0.375-1.227,0.418-2.185 C20.99,14.751,21,14.444,21,12s-0.01-2.751-0.054-3.711c-0.044-0.958-0.196-1.612-0.418-2.185c-0.23-0.592-0.538-1.094-1.038-1.594 c-0.5-0.5-1.002-0.808-1.594-1.038c-0.572-0.222-1.227-0.375-2.185-0.418C14.751,3.01,14.444,3,12,3L12,3z M12,7.378 c-2.552,0-4.622,2.069-4.622,4.622S9.448,16.622,12,16.622s4.622-2.069,4.622-4.622S14.552,7.378,12,7.378z M12,15 c-1.657,0-3-1.343-3-3s1.343-3,3-3s3,1.343,3,3S13.657,15,12,15z M16.804,6.116c-0.596,0-1.08,0.484-1.08,1.08 s0.484,1.08,1.08,1.08c0.596,0,1.08-0.484,1.08-1.08S17.401,6.116,16.804,6.116z\"><\/path><\/svg><span class=\"wp-block-social-link-label screen-reader-text\">Instagram<\/span><\/a><\/li>\n\n<li class=\"wp-social-link wp-social-link-facebook wp-block-social-link\"><a href=\"https:\/\/www.facebook.com\/pekicsandra\/\" rel=\"noopener nofollow\" target=\"_blank\" class=\"wp-block-social-link-anchor\"><svg width=\"24\" height=\"24\" viewBox=\"0 0 24 24\" version=\"1.1\" xmlns=\"http:\/\/www.w3.org\/2000\/svg\" aria-hidden=\"true\" focusable=\"false\"><path d=\"M12 2C6.5 2 2 6.5 2 12c0 5 3.7 9.1 8.4 9.9v-7H7.9V12h2.5V9.8c0-2.5 1.5-3.9 3.8-3.9 1.1 0 2.2.2 2.2.2v2.5h-1.3c-1.2 0-1.6.8-1.6 1.6V12h2.8l-.4 2.9h-2.3v7C18.3 21.1 22 17 22 12c0-5.5-4.5-10-10-10z\"><\/path><\/svg><span class=\"wp-block-social-link-label screen-reader-text\">Facebook<\/span><\/a><\/li><\/ul>\n","protected":false},"excerpt":{"rendered":"<p>Odlomak iz knjige: Prijao mi je rezak vazduh napolju. Zavio sam cigaretu i ostao ispred kafane. George je obi\u0161ao kamion ne bi li proverio da li ima ne\u017eeljenih putnika ili kakve \u0161tete. \u201ePrespava\u0107emo ovde\u201c, rekao sam kada mi je pri\u0161ao. \u201eKasno je, a de\u010dak je umoran. Verujem da smo uzeli&#8230;<\/p>\n","protected":false},"author":1,"featured_media":213,"parent":0,"menu_order":0,"comment_status":"closed","ping_status":"closed","template":"","meta":[],"_links":{"self":[{"href":"https:\/\/sandrapekic.com\/index.php?rest_route=\/wp\/v2\/pages\/169"}],"collection":[{"href":"https:\/\/sandrapekic.com\/index.php?rest_route=\/wp\/v2\/pages"}],"about":[{"href":"https:\/\/sandrapekic.com\/index.php?rest_route=\/wp\/v2\/types\/page"}],"author":[{"embeddable":true,"href":"https:\/\/sandrapekic.com\/index.php?rest_route=\/wp\/v2\/users\/1"}],"replies":[{"embeddable":true,"href":"https:\/\/sandrapekic.com\/index.php?rest_route=%2Fwp%2Fv2%2Fcomments&post=169"}],"version-history":[{"count":5,"href":"https:\/\/sandrapekic.com\/index.php?rest_route=\/wp\/v2\/pages\/169\/revisions"}],"predecessor-version":[{"id":204,"href":"https:\/\/sandrapekic.com\/index.php?rest_route=\/wp\/v2\/pages\/169\/revisions\/204"}],"wp:featuredmedia":[{"embeddable":true,"href":"https:\/\/sandrapekic.com\/index.php?rest_route=\/wp\/v2\/media\/213"}],"wp:attachment":[{"href":"https:\/\/sandrapekic.com\/index.php?rest_route=%2Fwp%2Fv2%2Fmedia&parent=169"}],"curies":[{"name":"wp","href":"https:\/\/api.w.org\/{rel}","templated":true}]}}