{"id":43,"date":"2020-07-18T12:40:31","date_gmt":"2020-07-18T12:40:31","guid":{"rendered":"http:\/\/sandrapekic.com\/?page_id=43"},"modified":"2021-09-26T09:59:08","modified_gmt":"2021-09-26T09:59:08","slug":"iz-senke","status":"publish","type":"page","link":"https:\/\/sandrapekic.com\/?page_id=43","title":{"rendered":"Iz senke"},"content":{"rendered":"\n<h5><strong>Odlomak iz knjige:<\/strong><\/h5>\n\n\n\n<p>Vins je obo\u017eavao Prag. Posebno no\u0107u, kada bi grad poprimio njegove omiljene boje. Teget i narand\u017eastu.<\/p>\n\n\n\n<p>Ja sam u\u017eivala u ti\u0161ini. Ne onoj koja donosi mir, ve\u0107 u zlokobnom hladnom odsustvu buke. I \u017eivota. Smirivala je moje umorne nerve.<\/p>\n\n\n\n<p>Poput starog bra\u010dnog para, svakog popodneva ispijali smo \u010daj na terasi. Sedeli smo do ve\u010deri i u\u017eivali u pogledu na Karlov most i Hrad\u010dane. \u010cekali smo trenutak kada bi se sav kolorit sveo na no\u0107 i svetiljke. Vins bi potom odlazio u provod, a ja bih ga \u010dekala u ti\u0161ini.<\/p>\n\n\n\n<p>Trebalo je da pro\u0111e nekoliko nedelja dok se nisam odva\u017eila da se sama pro\u0161etam. Lutala sam starim delom grada, ali Vltavu nisam prelazila. Posmatrala sam pijane strance kako bauljaju i povra\u0107aju po najlep\u0161em gotskom gradu na kontinentu. Bar sam u tom trenutku verovala da je najlep\u0161i. Iako me je nervirala bahatost turista, imala sam vi\u0161e razumevanja za njih nego za one uobra\u017eene amsterdamske bicikliste.<\/p>\n\n\n\n<p>A onda, jednog dana, odva\u017eno sam krenula dalje. Pa jo\u0161 dalje, na istok. Kada sam otkrila deo grada u kojem ulice nose nazive gradova i zemalja, pomislila sam &nbsp;da bi to mogao biti na\u0161 novi dom. Ubrzo sam svakodnevno dolazila do mesta gde se sre\u0107u Jugoslovenska i Beogradska ulica. Tramvajske \u0161ine i pra\u0161ka kaldrma &nbsp;probudili su prijatna se\u0107anja koja sam davno potisnula. Zato sam i smi\u0161ljala stotinu jedan na\u010din da nagovorim Vinsa da na\u0111emo stan ba\u0161 tu, u nekoj od starih belih zgrada. Znala sam da ne\u0107e lako pristati na to. Sigurno \u0107e vi\u0161e \u017eeleti da bude bli\u017ee zagrljaju Rimske i Italijanske ulice.<\/p>\n\n\n\n<p>I tog obla\u010dnog dana ma\u0161tala sam o na\u0161em novom po\u010detku. Dok sam kupovala srebrni prsten u jednoj umetni\u010dkoj radionici, kroz izlog sam primetila zanimljiv plakat na obli\u017enjem panou. Prikazivao je jednu princezu kako zami\u0161ljeno sedi i u ruci dr\u017ei srebrni kolut ukra\u0161en zumbulima, srcima i strelama. Pomislila sam kako bi istog oblika mogao biti i lep prsten. Budu\u0107i da ne govorim \u010de\u0161ki, pitala sam na engleskom vlasnicu radnje da mi objasni o kakvoj je reklami re\u010d. Kazala mi je, \u017evrljaju\u0107i nekakvu mapu po ra\u010dunu, da \u0107e blizu stanice Angel, s druge strane Vltave, ovog meseca biti odr\u017eana modna revija nadahnuta Muhinim delima. Ako sam dobro razumela njen lo\u0161 engleski, \u010dak \u0107e i unuka poznatog slikara predstaviti svoj nakit.<\/p>\n\n\n\n<p>Mrzela sam situacije poput ovih \u2013 kad ispadnem glupa. Neobrazovana. Nisam znala ko je Muha. Moja sagovornica se pravila da ne prime\u0107uje moj zbunjeni pogled.<\/p>\n\n\n\n<p>\u201eMuhin muzej je u Panskoj ulici. Tamo mo\u017eete da vidite mnogo toga lepog. Po\u017eurite, \u010dini mi se da rade do \u0161est\u201d, rekla je uvi\u0111avna gospo\u0111a ljubi\u010daste kose, crtaju\u0107i mi kako da najbr\u017ee stignem do muzeja.<\/p>\n\n\n\n<p>Imala sam ne\u0161to vi\u0161e od jednog sata. Po\u017eurila sam i za desetak minuta na\u0161la belu zgradu u neupadljivoj ulici. U muzeju nisu hteli da mi prodaju kartu uz obrazlo\u017eenje da nema dovoljno vremena da pogledam postavku, ali su me pustili u suvenirnicu. U prvoj prostoriji, pored kase, bile su izlo\u017eene kutije, \u010da\u0161e, magneti&#8230; Poneki komad nakita. Ni\u0161ta ni nalik onom kolutu. Produ\u017eila sam u susednu sobu pretrpanu reprodukcijama na papiru i tako otkrila \u010dudesni Muhin svet lepotica.<\/p>\n\n\n\n<p>Vreme je brzo pro\u0161lo. Na kraju sam kupila nekoliko postera. Tamnokosu sa zlatnom trakom oko glave i predivnim min\u0111u\u0161ama. \u010ca\u0161om u ruci. Pogledom koji govori da se dosa\u0111uje. I i\u0161\u010dekuje. Nekog posebnog. Da je iznenadi i odu\u0161evi. Kupila sam i plavu\u0161u u ru\u017ei\u010dastoj haljini, sa cve\u0107em u kosi i vo\u0107em u ruci. I ona je i\u0161\u010dekivala isto, ali \u0107e pristati na kompromis. Izmamila mi je osmeh pomisao na to koliko \u0107e se Vins obradovati. Ovoga puta ja \u0107u biti ta koja je ne\u0161to otkrila. Alfonsa Muhu.<\/p>\n\n\n\n<p>Kada sam izi\u0161la, po\u010dela je ki\u0161a. Nisam bila sigurna koliko sam daleko od Rok-kafea u kojem je trebalo da se na\u0111em sa Vinsom. Potr\u010dala sam ka obli\u017enjem pasa\u017eu, ne bih li spasila ko\u017ene sandale. I postere. Kri\u0161om sam otvorila plan grada da vidim gde se nalazim. Iako se nisam odvajala od male mape od\u0161tampane sa interneta, vadila sam je iz torbe samo u slu\u010daju preke potrebe. \u017delela sam da postanem doma\u0107a. Pra\u017eanka. \u0160to pre. Bila sam blizu, pa sam odlu\u010dila da sa\u010dekam da ovaj prole\u0107ni pljusak pro\u0111e. Osvrnula sam se. Sa leve strane kroz bela drvena vrata sa nepretencioznim detaljima od kovanog gvo\u017e\u0111a ulazilo se u stambenu zgradu, dok je levi deo prolaza celom du\u017einom zauzimao izlog nekakve galerije.<\/p>\n\n\n\n<p>Tada sam ugledala njen profil. Rasko\u0161ni nakit na glavi spu\u0161tao se i me\u0161ao sa crnim pramenovima koji se prelivaju izvan kru\u017enih ramova. Da nije bilo stakla, sigurno bih je dotakla. U tom trenutku, neke ruke su je izvadile iz izloga. Utr\u010dala sam u galeriju. Prodavac ju je pru\u017eao mu\u0161karcu koji je stajao za pultom.<\/p>\n\n\n\n<p>\u201eJa \u017eelim da je kupim!\u201d gotovo sam povikala&#8230;<\/p>\n\n\n\n<ul class=\"is-layout-flex wp-block-social-links\"><li class=\"wp-social-link wp-social-link-instagram wp-block-social-link\"><a href=\"https:\/\/www.instagram.com\/pekicsandra\/\" rel=\"noopener nofollow\" target=\"_blank\" class=\"wp-block-social-link-anchor\"><svg width=\"24\" height=\"24\" viewBox=\"0 0 24 24\" version=\"1.1\" xmlns=\"http:\/\/www.w3.org\/2000\/svg\" aria-hidden=\"true\" focusable=\"false\"><path d=\"M12,4.622c2.403,0,2.688,0.009,3.637,0.052c0.877,0.04,1.354,0.187,1.671,0.31c0.42,0.163,0.72,0.358,1.035,0.673 c0.315,0.315,0.51,0.615,0.673,1.035c0.123,0.317,0.27,0.794,0.31,1.671c0.043,0.949,0.052,1.234,0.052,3.637 s-0.009,2.688-0.052,3.637c-0.04,0.877-0.187,1.354-0.31,1.671c-0.163,0.42-0.358,0.72-0.673,1.035 c-0.315,0.315-0.615,0.51-1.035,0.673c-0.317,0.123-0.794,0.27-1.671,0.31c-0.949,0.043-1.233,0.052-3.637,0.052 s-2.688-0.009-3.637-0.052c-0.877-0.04-1.354-0.187-1.671-0.31c-0.42-0.163-0.72-0.358-1.035-0.673 c-0.315-0.315-0.51-0.615-0.673-1.035c-0.123-0.317-0.27-0.794-0.31-1.671C4.631,14.688,4.622,14.403,4.622,12 s0.009-2.688,0.052-3.637c0.04-0.877,0.187-1.354,0.31-1.671c0.163-0.42,0.358-0.72,0.673-1.035 c0.315-0.315,0.615-0.51,1.035-0.673c0.317-0.123,0.794-0.27,1.671-0.31C9.312,4.631,9.597,4.622,12,4.622 M12,3 C9.556,3,9.249,3.01,8.289,3.054C7.331,3.098,6.677,3.25,6.105,3.472C5.513,3.702,5.011,4.01,4.511,4.511 c-0.5,0.5-0.808,1.002-1.038,1.594C3.25,6.677,3.098,7.331,3.054,8.289C3.01,9.249,3,9.556,3,12c0,2.444,0.01,2.751,0.054,3.711 c0.044,0.958,0.196,1.612,0.418,2.185c0.23,0.592,0.538,1.094,1.038,1.594c0.5,0.5,1.002,0.808,1.594,1.038 c0.572,0.222,1.227,0.375,2.185,0.418C9.249,20.99,9.556,21,12,21s2.751-0.01,3.711-0.054c0.958-0.044,1.612-0.196,2.185-0.418 c0.592-0.23,1.094-0.538,1.594-1.038c0.5-0.5,0.808-1.002,1.038-1.594c0.222-0.572,0.375-1.227,0.418-2.185 C20.99,14.751,21,14.444,21,12s-0.01-2.751-0.054-3.711c-0.044-0.958-0.196-1.612-0.418-2.185c-0.23-0.592-0.538-1.094-1.038-1.594 c-0.5-0.5-1.002-0.808-1.594-1.038c-0.572-0.222-1.227-0.375-2.185-0.418C14.751,3.01,14.444,3,12,3L12,3z M12,7.378 c-2.552,0-4.622,2.069-4.622,4.622S9.448,16.622,12,16.622s4.622-2.069,4.622-4.622S14.552,7.378,12,7.378z M12,15 c-1.657,0-3-1.343-3-3s1.343-3,3-3s3,1.343,3,3S13.657,15,12,15z M16.804,6.116c-0.596,0-1.08,0.484-1.08,1.08 s0.484,1.08,1.08,1.08c0.596,0,1.08-0.484,1.08-1.08S17.401,6.116,16.804,6.116z\"><\/path><\/svg><span class=\"wp-block-social-link-label screen-reader-text\">Instagram<\/span><\/a><\/li>\n\n<li class=\"wp-social-link wp-social-link-facebook wp-block-social-link\"><a href=\"https:\/\/www.facebook.com\/pekicsandra\/\" rel=\"noopener nofollow\" target=\"_blank\" class=\"wp-block-social-link-anchor\"><svg width=\"24\" height=\"24\" viewBox=\"0 0 24 24\" version=\"1.1\" xmlns=\"http:\/\/www.w3.org\/2000\/svg\" aria-hidden=\"true\" focusable=\"false\"><path d=\"M12 2C6.5 2 2 6.5 2 12c0 5 3.7 9.1 8.4 9.9v-7H7.9V12h2.5V9.8c0-2.5 1.5-3.9 3.8-3.9 1.1 0 2.2.2 2.2.2v2.5h-1.3c-1.2 0-1.6.8-1.6 1.6V12h2.8l-.4 2.9h-2.3v7C18.3 21.1 22 17 22 12c0-5.5-4.5-10-10-10z\"><\/path><\/svg><span class=\"wp-block-social-link-label screen-reader-text\">Facebook<\/span><\/a><\/li><\/ul>\n","protected":false},"excerpt":{"rendered":"<p>Odlomak iz knjige: Vins je obo\u017eavao Prag. Posebno no\u0107u, kada bi grad poprimio njegove omiljene boje. Teget i narand\u017eastu. Ja sam u\u017eivala u ti\u0161ini. Ne onoj koja donosi mir, ve\u0107 u zlokobnom hladnom odsustvu buke. I \u017eivota. Smirivala je moje umorne nerve. Poput starog bra\u010dnog para, svakog popodneva ispijali smo&#8230;<\/p>\n","protected":false},"author":1,"featured_media":114,"parent":0,"menu_order":0,"comment_status":"closed","ping_status":"closed","template":"","meta":[],"_links":{"self":[{"href":"https:\/\/sandrapekic.com\/index.php?rest_route=\/wp\/v2\/pages\/43"}],"collection":[{"href":"https:\/\/sandrapekic.com\/index.php?rest_route=\/wp\/v2\/pages"}],"about":[{"href":"https:\/\/sandrapekic.com\/index.php?rest_route=\/wp\/v2\/types\/page"}],"author":[{"embeddable":true,"href":"https:\/\/sandrapekic.com\/index.php?rest_route=\/wp\/v2\/users\/1"}],"replies":[{"embeddable":true,"href":"https:\/\/sandrapekic.com\/index.php?rest_route=%2Fwp%2Fv2%2Fcomments&post=43"}],"version-history":[{"count":12,"href":"https:\/\/sandrapekic.com\/index.php?rest_route=\/wp\/v2\/pages\/43\/revisions"}],"predecessor-version":[{"id":203,"href":"https:\/\/sandrapekic.com\/index.php?rest_route=\/wp\/v2\/pages\/43\/revisions\/203"}],"wp:featuredmedia":[{"embeddable":true,"href":"https:\/\/sandrapekic.com\/index.php?rest_route=\/wp\/v2\/media\/114"}],"wp:attachment":[{"href":"https:\/\/sandrapekic.com\/index.php?rest_route=%2Fwp%2Fv2%2Fmedia&parent=43"}],"curies":[{"name":"wp","href":"https:\/\/api.w.org\/{rel}","templated":true}]}}